{"id":273,"date":"2025-05-29T14:55:44","date_gmt":"2025-05-29T05:55:44","guid":{"rendered":"https:\/\/tensei-games.tokyo\/?page_id=273"},"modified":"2025-09-11T20:08:08","modified_gmt":"2025-09-11T11:08:08","slug":"honey_trap_amnesia-r18patch-fr","status":"publish","type":"page","link":"https:\/\/tensei-games.tokyo\/index.php\/fr\/honey_trap_amnesia-r18patch-en\/honey_trap_amnesia-r18patch-fr\/","title":{"rendered":"\u30cf\u30cb\u30fc\u30c8\u30e9\u30c3\u30d7\u30a2\u30e0\u30cd\u30b8\u30a2-fr"},"content":{"rendered":"\n<p><strong>\u00c0 propos du patch R18 gratuit pour Honey Trap Amnesia<\/strong><\/p>\n\n\n\n<p>Si vous avez moins de 18 ans ou si vous n&#8217;\u00eates pas interess\u00e9 par le contenu adulte, n&#8217;installez pas ce patch.<\/p>\n\n\n\n<p>Merci d&#8217;avoir achet\u00e9 Honey Trap Amnesia. Installer ce patch vous permettra de voir les illustrations de certaines sc\u00e8nes et de jouer \u00e0 des parties du jeu r\u00e9serv\u00e9es aux adultes.<\/p>\n\n\n\n<p><strong>\u25a0 Comment installer le patch R18 \u25a0<\/strong><\/p>\n\n\n\n<p>Copiez tous les fichiers du dossier du patch R18 dans le dossier o\u00f9 \u00ab Game.exe \u00bb est install\u00e9.<\/p>\n\n\n\n<p>Ouvrez l&#8217;onglet \u00ab Fichiers install\u00e9s \u00bb dans la fen\u00eatre de propri\u00e9t\u00e9s du jeu dans Steam et cliquez sur \u00ab Parcourir \u00bb pour trouver le fichier o\u00f9 se trouve \u00ab Game.exe \u00bb.<\/p>\n\n\n\n<figure class=\"wp-block-image size-full is-resized\"><img loading=\"lazy\" decoding=\"async\" width=\"915\" height=\"414\" src=\"https:\/\/tensei-games.tokyo\/wp-content\/uploads\/2025\/05\/patch_Honey-Trap-Amnesia.png\" alt=\"\" class=\"wp-image-276\" style=\"width:359px;height:auto\" srcset=\"https:\/\/tensei-games.tokyo\/wp-content\/uploads\/2025\/05\/patch_Honey-Trap-Amnesia.png 915w, https:\/\/tensei-games.tokyo\/wp-content\/uploads\/2025\/05\/patch_Honey-Trap-Amnesia-300x136.png 300w, https:\/\/tensei-games.tokyo\/wp-content\/uploads\/2025\/05\/patch_Honey-Trap-Amnesia-768x347.png 768w\" sizes=\"(max-width: 915px) 100vw, 915px\" \/><\/figure>\n\n\n\n<figure class=\"wp-block-image size-full\"><img loading=\"lazy\" decoding=\"async\" width=\"156\" height=\"194\" src=\"https:\/\/tensei-games.tokyo\/wp-content\/uploads\/2024\/07\/413ced2bec4a3c1d8e017ee3efa10989-1.png\" alt=\"\" class=\"wp-image-77\"\/><\/figure>\n\n\n\n<figure class=\"wp-block-image size-full is-resized\"><img loading=\"lazy\" decoding=\"async\" width=\"922\" height=\"658\" src=\"https:\/\/tensei-games.tokyo\/wp-content\/uploads\/2024\/07\/345cb7731ea9570f146a31b0417471c1.png\" alt=\"\" class=\"wp-image-78\" style=\"width:524px;height:auto\" srcset=\"https:\/\/tensei-games.tokyo\/wp-content\/uploads\/2024\/07\/345cb7731ea9570f146a31b0417471c1.png 922w, https:\/\/tensei-games.tokyo\/wp-content\/uploads\/2024\/07\/345cb7731ea9570f146a31b0417471c1-300x214.png 300w, https:\/\/tensei-games.tokyo\/wp-content\/uploads\/2024\/07\/345cb7731ea9570f146a31b0417471c1-768x548.png 768w\" sizes=\"(max-width: 922px) 100vw, 922px\" \/><\/figure>\n\n\n\n<p><strong>\u25a0 Attention \u25a0<\/strong><\/p>\n\n\n\n<p>Fermez compl\u00e8tement le jeu avant d&#8217;installer le patch.<\/p>\n\n\n\n<p>Vous pouvez continuer une partie commenc\u00e9e avant l&#8217;installation du patch, mais vous ne pourrez pas voir les sc\u00e8nes adultes.<\/p>\n\n\n\n<p>Pour jouer au jeu avec le contenu adulte activ\u00e9, il vous faudra lancer une nouvelle partie.<\/p>\n\n\n\n<p><\/p>\n\n\n\n<p><a href=\"https:\/\/tensei-games.tokyo\/dl\/HoneyTrap\/r18_fr_Honey%20Trap%20Amnesia.zip\">T\u00e9l\u00e9charger le patch<\/a><\/p>\n\n\n\n<p><br>&#8212;&#8212;&#8212;&#8212;&#8212;&#8212;&#8212;&#8212;&#8212;&#8212;&#8212;&#8212;&#8212;&#8212;&#8212;&#8212;&#8212;&#8212;&#8212;&#8212;&#8212;&#8212;&#8212;&#8212;&#8212;&#8212;&#8211;<\/p>\n\n\n\n<pre class=\"wp-block-preformatted\">Vous souhaitez nous contacter ? Cliquez sur le lien suivant pour nous envoyer votre demande : <a href=\"https:\/\/discord.gg\/DUAsT9ctPa\">https:\/\/discord.gg\/DUAsT9ctPa<\/a><\/pre>\n","protected":false},"excerpt":{"rendered":"<p>\u00c0 propos du patch R18 gratuit pour Honey Trap Amnesia Si vous avez moins de 18 ans ou si vous n&#8217;\u00eates pas [&hellip;]<\/p>\n","protected":false},"author":2,"featured_media":0,"parent":265,"menu_order":0,"comment_status":"closed","ping_status":"closed","template":"","meta":{"footnotes":""},"class_list":["post-273","page","type-page","status-publish","hentry"],"blocksy_meta":[],"_links":{"self":[{"href":"https:\/\/tensei-games.tokyo\/index.php\/wp-json\/wp\/v2\/pages\/273"}],"collection":[{"href":"https:\/\/tensei-games.tokyo\/index.php\/wp-json\/wp\/v2\/pages"}],"about":[{"href":"https:\/\/tensei-games.tokyo\/index.php\/wp-json\/wp\/v2\/types\/page"}],"author":[{"embeddable":true,"href":"https:\/\/tensei-games.tokyo\/index.php\/wp-json\/wp\/v2\/users\/2"}],"replies":[{"embeddable":true,"href":"https:\/\/tensei-games.tokyo\/index.php\/wp-json\/wp\/v2\/comments?post=273"}],"version-history":[{"count":9,"href":"https:\/\/tensei-games.tokyo\/index.php\/wp-json\/wp\/v2\/pages\/273\/revisions"}],"predecessor-version":[{"id":367,"href":"https:\/\/tensei-games.tokyo\/index.php\/wp-json\/wp\/v2\/pages\/273\/revisions\/367"}],"up":[{"embeddable":true,"href":"https:\/\/tensei-games.tokyo\/index.php\/wp-json\/wp\/v2\/pages\/265"}],"wp:attachment":[{"href":"https:\/\/tensei-games.tokyo\/index.php\/wp-json\/wp\/v2\/media?parent=273"}],"curies":[{"name":"wp","href":"https:\/\/api.w.org\/{rel}","templated":true}]}}