{"id":365,"date":"2025-09-11T20:02:02","date_gmt":"2025-09-11T11:02:02","guid":{"rendered":"https:\/\/tensei-games.tokyo\/?page_id=365"},"modified":"2025-11-18T13:25:19","modified_gmt":"2025-11-18T04:25:19","slug":"kom_if-r18patch-fr","status":"publish","type":"page","link":"https:\/\/tensei-games.tokyo\/index.php\/fr\/kom_if-r18patch-en\/kom_if-r18patch-fr\/","title":{"rendered":"\u30ca\u30a4\u30c4\u30aa\u30d6\u30e1\u30b5\u30a4\u30a2IF-fr"},"content":{"rendered":"\n<p><strong>\u00c0 propos du patch R18 gratuit pour Chevaliers du Messie IF: Le Ch\u00e2teau Interdimensionnel<\/strong><\/p>\n\n\n\n<p>Si vous avez moins de 18 ans ou si vous n&#8217;\u00eates pas interess\u00e9 par le contenu adulte, n&#8217;installez pas ce patch.<\/p>\n\n\n\n<p>Merci d&#8217;avoir achet\u00e9 Chevaliers du Messie IF: Le Ch\u00e2teau Interdimensionnel. Installer ce patch vous permettra de voir les illustrations de certaines sc\u00e8nes et de jouer \u00e0 des parties du jeu r\u00e9serv\u00e9es aux adultes.<\/p>\n\n\n\n<p><strong>\u25a0 Comment installer le patch R18 \u25a0<\/strong><\/p>\n\n\n\n<p>Copiez tous les fichiers du dossier du patch R18 dans le dossier o\u00f9 \u00ab KnightOfMessiahIF.exe \u00bb est install\u00e9.<\/p>\n\n\n\n<p>Ouvrez l&#8217;onglet \u00ab Fichiers install\u00e9s \u00bb dans la fen\u00eatre de propri\u00e9t\u00e9s du jeu dans Steam et cliquez sur \u00ab Parcourir \u00bb pour trouver le fichier o\u00f9 se trouve \u00ab KnightOfMessiahIF.exe \u00bb.<\/p>\n\n\n\n<figure class=\"wp-block-image size-full is-resized\"><img loading=\"lazy\" decoding=\"async\" width=\"890\" height=\"604\" src=\"https:\/\/tensei-games.tokyo\/wp-content\/uploads\/2025\/11\/17caf75f869b52de8c7159a5a65f2a12-2.png\" alt=\"\" class=\"wp-image-524\" style=\"width:359px;height:auto\" srcset=\"https:\/\/tensei-games.tokyo\/wp-content\/uploads\/2025\/11\/17caf75f869b52de8c7159a5a65f2a12-2.png 890w, https:\/\/tensei-games.tokyo\/wp-content\/uploads\/2025\/11\/17caf75f869b52de8c7159a5a65f2a12-2-300x204.png 300w, https:\/\/tensei-games.tokyo\/wp-content\/uploads\/2025\/11\/17caf75f869b52de8c7159a5a65f2a12-2-768x521.png 768w\" sizes=\"(max-width: 890px) 100vw, 890px\" \/><\/figure>\n\n\n\n<figure class=\"wp-block-image size-full\"><img loading=\"lazy\" decoding=\"async\" width=\"156\" height=\"194\" src=\"https:\/\/tensei-games.tokyo\/wp-content\/uploads\/2024\/07\/413ced2bec4a3c1d8e017ee3efa10989-1.png\" alt=\"\" class=\"wp-image-77\"\/><\/figure>\n\n\n\n<figure class=\"wp-block-image size-full is-resized\"><img loading=\"lazy\" decoding=\"async\" width=\"922\" height=\"658\" src=\"https:\/\/tensei-games.tokyo\/wp-content\/uploads\/2024\/07\/345cb7731ea9570f146a31b0417471c1.png\" alt=\"\" class=\"wp-image-78\" style=\"width:524px;height:auto\" srcset=\"https:\/\/tensei-games.tokyo\/wp-content\/uploads\/2024\/07\/345cb7731ea9570f146a31b0417471c1.png 922w, https:\/\/tensei-games.tokyo\/wp-content\/uploads\/2024\/07\/345cb7731ea9570f146a31b0417471c1-300x214.png 300w, https:\/\/tensei-games.tokyo\/wp-content\/uploads\/2024\/07\/345cb7731ea9570f146a31b0417471c1-768x548.png 768w\" sizes=\"(max-width: 922px) 100vw, 922px\" \/><\/figure>\n\n\n\n<p><strong>\u25a0 Attention \u25a0<\/strong><\/p>\n\n\n\n<p>Fermez compl\u00e8tement le jeu avant d&#8217;installer le patch.<\/p>\n\n\n\n<p><\/p>\n\n\n\n<p><strong>\u25a0Version compl\u00e8te (Steam) \u25a0<\/strong><\/p>\n\n\n\n<p><a href=\"https:\/\/tensei-games.tokyo\/dl\/Knights%20of%20Messiah%20IF\/Steam_R18_Knights_of_Messiah_IF_FR_v2.zip\">T\u00e9l\u00e9charger le patch<\/a><\/p>\n\n\n\n<p><\/p>\n\n\n\n<p><strong>\u25a0Version compl\u00e8te\u25a0<\/strong><\/p>\n\n\n\n<p><a href=\"https:\/\/tensei-games.tokyo\/dl\/Knights%20of%20Messiah%20IF\/FR_R18patch_%20full.zip\">T\u00e9l\u00e9charger le patch<\/a><\/p>\n\n\n\n<p><\/p>\n\n\n\n<p><strong>\u25a0Version d\u00e9mo\u25a0<\/strong><\/p>\n\n\n\n<p><a href=\"https:\/\/tensei-games.tokyo\/dl\/Knights%20of%20Messiah%20IF\/FRI_r18patch.zip\">T\u00e9l\u00e9charger le patch<\/a><\/p>\n\n\n\n<p><br>&#8212;&#8212;&#8212;&#8212;&#8212;&#8212;&#8212;&#8212;&#8212;&#8212;&#8212;&#8212;&#8212;&#8212;&#8212;&#8212;&#8212;&#8212;&#8212;&#8212;&#8212;&#8212;&#8212;&#8212;&#8212;&#8212;&#8211;<\/p>\n\n\n\n<pre class=\"wp-block-preformatted\">Vous souhaitez nous contacter ? Cliquez sur le lien suivant pour nous envoyer votre demande : <a href=\"https:\/\/discord.gg\/DUAsT9ctPa\">https:\/\/discord.gg\/DUAsT9ctPa<\/a><\/pre>\n","protected":false},"excerpt":{"rendered":"<p>\u00c0 propos du patch R18 gratuit pour Chevaliers du Messie IF: Le Ch\u00e2teau Interdimensionnel Si vous avez moins de [&hellip;]<\/p>\n","protected":false},"author":2,"featured_media":0,"parent":342,"menu_order":2,"comment_status":"closed","ping_status":"closed","template":"","meta":{"footnotes":""},"class_list":["post-365","page","type-page","status-publish","hentry"],"blocksy_meta":[],"_links":{"self":[{"href":"https:\/\/tensei-games.tokyo\/index.php\/wp-json\/wp\/v2\/pages\/365"}],"collection":[{"href":"https:\/\/tensei-games.tokyo\/index.php\/wp-json\/wp\/v2\/pages"}],"about":[{"href":"https:\/\/tensei-games.tokyo\/index.php\/wp-json\/wp\/v2\/types\/page"}],"author":[{"embeddable":true,"href":"https:\/\/tensei-games.tokyo\/index.php\/wp-json\/wp\/v2\/users\/2"}],"replies":[{"embeddable":true,"href":"https:\/\/tensei-games.tokyo\/index.php\/wp-json\/wp\/v2\/comments?post=365"}],"version-history":[{"count":12,"href":"https:\/\/tensei-games.tokyo\/index.php\/wp-json\/wp\/v2\/pages\/365\/revisions"}],"predecessor-version":[{"id":546,"href":"https:\/\/tensei-games.tokyo\/index.php\/wp-json\/wp\/v2\/pages\/365\/revisions\/546"}],"up":[{"embeddable":true,"href":"https:\/\/tensei-games.tokyo\/index.php\/wp-json\/wp\/v2\/pages\/342"}],"wp:attachment":[{"href":"https:\/\/tensei-games.tokyo\/index.php\/wp-json\/wp\/v2\/media?parent=365"}],"curies":[{"name":"wp","href":"https:\/\/api.w.org\/{rel}","templated":true}]}}